{"id":8056,"date":"2026-05-08T11:37:49","date_gmt":"2026-05-08T09:37:49","guid":{"rendered":"https:\/\/www.portalcerrajeros.es\/prensa\/?page_id=8056"},"modified":"2026-05-08T12:10:08","modified_gmt":"2026-05-08T10:10:08","slug":"redactora-de-contenidos-y-especialista-en-marketing-digital","status":"publish","type":"page","link":"https:\/\/www.portalcerrajeros.es\/prensa\/redactora-de-contenidos-y-especialista-en-marketing-digital\/","title":{"rendered":"Sonia Santamar\u00eda | Redactora de contenidos y Especialista en marketing digital"},"content":{"rendered":"<p><img decoding=\"async\" class=\"alignleft wp-image-8057 size-thumbnail\" src=\"https:\/\/www.portalcerrajeros.es\/prensa\/wp-content\/uploads\/2026\/05\/PORTAL-CERRAJEROS-90x90.jpg\" alt=\"Sonia Santamar\u00eda| Portal Cerrajeros\u00ae\" width=\"90\" height=\"90\" srcset=\"https:\/\/www.portalcerrajeros.es\/prensa\/wp-content\/uploads\/2026\/05\/PORTAL-CERRAJEROS-90x90.jpg 90w, https:\/\/www.portalcerrajeros.es\/prensa\/wp-content\/uploads\/2026\/05\/PORTAL-CERRAJEROS.jpg 288w\" sizes=\"(max-width: 90px) 100vw, 90px\" \/>Sonia Santamar\u00eda forma parte del <strong>equipo editorial<\/strong> de PORTAL CERRAJEROS, donde combina su pasi\u00f3n por la comunicaci\u00f3n con su experiencia en marketing digital y creaci\u00f3n de contenidos especializados. Su trabajo est\u00e1 enfocado en acercar el mundo de la cerrajer\u00eda, la seguridad y las <strong>nuevas tecnolog\u00edas<\/strong> tanto a profesionales del sector como a lectores interesados en mantenerse informados.<\/p>\n<p>Con un <strong>estilo cercano, claro y din\u00e1mico<\/strong>, Sonia se encarga de redactar art\u00edculos, reportajes, entrevistas y contenidos informativos que aportan valor a la comunidad de PORTAL CERRAJEROS. Adem\u00e1s, participa en la planificaci\u00f3n de estrategias digitales para potenciar la presencia online de la revista, mejorar el alcance de los <strong>contenidos y conectar con nuevas audiencias<\/strong>.<\/p>\n<p>Dentro de la revista, tambi\u00e9n colabora en la gesti\u00f3n de contenidos para<strong> redes sociales, campa\u00f1as digitales y publicaciones orientadas<\/strong> al posicionamiento de la marca en el entorno online. Su objetivo es transformar la informaci\u00f3n t\u00e9cnica en contenidos \u00fatiles, atractivos y f\u00e1ciles de entender.<\/p>\n<p>Gracias a su capacidad creativa y su enfoque comunicativo, Sonia ayuda a que PORTAL CERRAJEROS siga siendo un referente informativo dentro del <strong>sector de la cerrajer\u00eda y la seguridad<\/strong>.<\/p>\n<p><strong>\u00c1reas en las que trabaja<\/strong><\/p>\n<ul>\n<li>Redacci\u00f3n de art\u00edculos especializados<\/li>\n<li>Creaci\u00f3n de contenido digital<\/li>\n<li>Estrategias de marketing online<\/li>\n<li>Gesti\u00f3n de contenidos para redes sociales<\/li>\n<li>Cobertura de novedades y tendencias del sector<\/li>\n<li>Entrevistas y reportajes profesionales<\/li>\n<li>Optimizaci\u00f3n SEO y posicionamiento web<\/li>\n<\/ul>\n<p><strong>Su filosof\u00eda<\/strong><\/p>\n<blockquote><p><em>\u201cComunicar es conectar. Cada contenido debe informar, aportar valor y acercar el sector a las personas de una forma clara y profesional.\u201d<\/em><\/p><\/blockquote>\n<p><a style=\"margin-right: 10px;\" href=\"https:\/\/gravatar.com\/soniaportalcerrajeros\" target=\"_blank\" rel=\"noopener\"><br \/>\n<img decoding=\"async\" src=\"https:\/\/cdn.jsdelivr.net\/gh\/simple-icons\/simple-icons\/icons\/gravatar.svg\" alt=\"Gravatar\" width=\"28\" \/><\/a><\/p>\n<p><a href=\"https:\/\/www.linkedin.com\/in\/soniasantamaria\/\" target=\"_blank\" rel=\"noopener\"><br \/>\n<img decoding=\"async\" src=\"https:\/\/cdn.jsdelivr.net\/gh\/simple-icons\/simple-icons\/icons\/linkedin.svg\" alt=\"LinkedIn\" width=\"28\" \/><\/a><\/p>\n\n\n<div class=\"kk-star-ratings kksr-auto kksr-align-right kksr-valign-bottom\"\n    data-payload='{&quot;align&quot;:&quot;right&quot;,&quot;id&quot;:&quot;8056&quot;,&quot;slug&quot;:&quot;default&quot;,&quot;valign&quot;:&quot;bottom&quot;,&quot;ignore&quot;:&quot;&quot;,&quot;reference&quot;:&quot;auto&quot;,&quot;class&quot;:&quot;&quot;,&quot;count&quot;:&quot;1&quot;,&quot;legendonly&quot;:&quot;&quot;,&quot;readonly&quot;:&quot;&quot;,&quot;score&quot;:&quot;5&quot;,&quot;starsonly&quot;:&quot;&quot;,&quot;best&quot;:&quot;5&quot;,&quot;gap&quot;:&quot;8&quot;,&quot;greet&quot;:&quot;Valora este art\u00edculo. GRACIAS!&quot;,&quot;legend&quot;:&quot;5\\\/5 - (1 voto)&quot;,&quot;size&quot;:&quot;31&quot;,&quot;title&quot;:&quot;Sonia Santamar\u00eda | Redactora de contenidos y Especialista en marketing digital&quot;,&quot;width&quot;:&quot;191&quot;,&quot;_legend&quot;:&quot;{score}\\\/{best} - ({count} {votes})&quot;,&quot;font_factor&quot;:&quot;1.25&quot;}'>\n            \n<div class=\"kksr-stars\">\n    \n<div class=\"kksr-stars-inactive\">\n            <div class=\"kksr-star\" data-star=\"1\" style=\"padding-right: 8px\">\n            \n\n<div class=\"kksr-icon\" style=\"width: 31px; height: 31px;\"><\/div>\n        <\/div>\n            <div class=\"kksr-star\" data-star=\"2\" style=\"padding-right: 8px\">\n            \n\n<div class=\"kksr-icon\" style=\"width: 31px; height: 31px;\"><\/div>\n        <\/div>\n            <div class=\"kksr-star\" data-star=\"3\" style=\"padding-right: 8px\">\n            \n\n<div class=\"kksr-icon\" style=\"width: 31px; height: 31px;\"><\/div>\n        <\/div>\n            <div class=\"kksr-star\" data-star=\"4\" style=\"padding-right: 8px\">\n            \n\n<div class=\"kksr-icon\" style=\"width: 31px; height: 31px;\"><\/div>\n        <\/div>\n            <div class=\"kksr-star\" data-star=\"5\" style=\"padding-right: 8px\">\n            \n\n<div class=\"kksr-icon\" style=\"width: 31px; height: 31px;\"><\/div>\n        <\/div>\n    <\/div>\n    \n<div class=\"kksr-stars-active\" style=\"width: 191px;\">\n            <div class=\"kksr-star\" style=\"padding-right: 8px\">\n            \n\n<div class=\"kksr-icon\" style=\"width: 31px; height: 31px;\"><\/div>\n        <\/div>\n            <div class=\"kksr-star\" style=\"padding-right: 8px\">\n            \n\n<div class=\"kksr-icon\" style=\"width: 31px; height: 31px;\"><\/div>\n        <\/div>\n            <div class=\"kksr-star\" style=\"padding-right: 8px\">\n            \n\n<div class=\"kksr-icon\" style=\"width: 31px; height: 31px;\"><\/div>\n        <\/div>\n            <div class=\"kksr-star\" style=\"padding-right: 8px\">\n            \n\n<div class=\"kksr-icon\" style=\"width: 31px; height: 31px;\"><\/div>\n        <\/div>\n            <div class=\"kksr-star\" style=\"padding-right: 8px\">\n            \n\n<div class=\"kksr-icon\" style=\"width: 31px; height: 31px;\"><\/div>\n        <\/div>\n    <\/div>\n<\/div>\n                \n\n<div class=\"kksr-legend\" style=\"font-size: 24.8px;\">\n            5\/5 - (1 voto)    <\/div>\n    <\/div>\n","protected":false},"excerpt":{"rendered":"<p>Sonia Santamar\u00eda forma parte del equipo editorial de PORTAL CERRAJEROS, donde combina su pasi\u00f3n por la comunicaci\u00f3n con su experiencia en marketing digital y creaci\u00f3n de contenidos especializados. Su trabajo est\u00e1 enfocado en acercar el mundo de la cerrajer\u00eda, la seguridad y las nuevas tecnolog\u00edas tanto a profesionales del sector como a lectores interesados en<\/p>\n","protected":false},"author":1,"featured_media":0,"parent":0,"menu_order":0,"comment_status":"closed","ping_status":"closed","template":"","meta":{"footnotes":""},"class_list":["post-8056","page","type-page","status-publish","hentry"],"_links":{"self":[{"href":"https:\/\/www.portalcerrajeros.es\/prensa\/wp-json\/wp\/v2\/pages\/8056","targetHints":{"allow":["GET"]}}],"collection":[{"href":"https:\/\/www.portalcerrajeros.es\/prensa\/wp-json\/wp\/v2\/pages"}],"about":[{"href":"https:\/\/www.portalcerrajeros.es\/prensa\/wp-json\/wp\/v2\/types\/page"}],"author":[{"embeddable":true,"href":"https:\/\/www.portalcerrajeros.es\/prensa\/wp-json\/wp\/v2\/users\/1"}],"replies":[{"embeddable":true,"href":"https:\/\/www.portalcerrajeros.es\/prensa\/wp-json\/wp\/v2\/comments?post=8056"}],"version-history":[{"count":3,"href":"https:\/\/www.portalcerrajeros.es\/prensa\/wp-json\/wp\/v2\/pages\/8056\/revisions"}],"predecessor-version":[{"id":8060,"href":"https:\/\/www.portalcerrajeros.es\/prensa\/wp-json\/wp\/v2\/pages\/8056\/revisions\/8060"}],"wp:attachment":[{"href":"https:\/\/www.portalcerrajeros.es\/prensa\/wp-json\/wp\/v2\/media?parent=8056"}],"curies":[{"name":"wp","href":"https:\/\/api.w.org\/{rel}","templated":true}]}}